{"id":7591,"date":"2026-04-02T12:05:49","date_gmt":"2026-04-02T10:05:49","guid":{"rendered":"https:\/\/livraison-de-nuit-93.fr\/blog\/?page_id=7591"},"modified":"2026-04-02T12:05:49","modified_gmt":"2026-04-02T10:05:49","slug":"lexique","status":"publish","type":"page","link":"https:\/\/livraison-de-nuit-93.fr\/blog\/lexique\/","title":{"rendered":"Lexique"},"content":{"rendered":"<p>Lexique<br \/>\nLivraison : transport d\u2019un colis jusqu\u2019au client<br \/>\nNocturne : qui se d\u00e9roule la nuit<br \/>\nTransport : d\u00e9placement de marchandises<br \/>\nColis : objet livr\u00e9<br \/>\nClient : personne qui re\u00e7oit le service<br \/>\nService : prestation propos\u00e9e<br \/>\nLogistique : organisation du transport<br \/>\nD\u00e9lais : temps de livraison<br \/>\nCourse : trajet effectu\u00e9 pour livrer<\/p>\n","protected":false},"excerpt":{"rendered":"","protected":false},"author":34,"featured_media":0,"parent":0,"menu_order":0,"comment_status":"closed","ping_status":"closed","template":"","meta":{"_acf_changed":false,"manual_indexmenow":false,"indexmenow_id_project":0,"footnotes":""},"class_list":["post-7591","page","type-page","status-publish"],"acf":[],"yoast_head":"<!-- This site is optimized with the Yoast SEO Premium plugin v21.3 (Yoast SEO v26.5) - https:\/\/yoast.com\/wordpress\/plugins\/seo\/ -->\n<title>Lexique<\/title>\n<meta name=\"description\" content=\"Lexique Livraison : transport d\u2019un colis jusqu\u2019au client Nocturne : qui se d\u00e9roule la nuit Transport : d\u00e9placement de marchandises Colis : objet livr\u00e9\" \/>\n<meta name=\"robots\" content=\"index, follow, max-snippet:-1, max-image-preview:large, max-video-preview:-1\" \/>\n<link rel=\"canonical\" href=\"https:\/\/livraison-de-nuit-93.fr\/blog\/lexique\/\" \/>\n<meta property=\"og:locale\" content=\"fr_FR\" \/>\n<meta property=\"og:type\" content=\"article\" \/>\n<meta property=\"og:title\" content=\"Lexique\" \/>\n<meta property=\"og:description\" content=\"Lexique Livraison : transport d\u2019un colis jusqu\u2019au client Nocturne : qui se d\u00e9roule la nuit Transport : d\u00e9placement de marchandises Colis : objet livr\u00e9\" \/>\n<meta property=\"og:url\" content=\"https:\/\/livraison-de-nuit-93.fr\/blog\/lexique\/\" \/>\n<meta property=\"og:site_name\" content=\"livraison-de-nuit-93\" \/>\n<meta name=\"twitter:card\" content=\"summary_large_image\" \/>\n<script type=\"application\/ld+json\" class=\"yoast-schema-graph\">{\"@context\":\"https:\/\/schema.org\",\"@graph\":[{\"@type\":\"WebPage\",\"@id\":\"https:\/\/livraison-de-nuit-93.fr\/blog\/lexique\/\",\"url\":\"https:\/\/livraison-de-nuit-93.fr\/blog\/lexique\/\",\"name\":\"Lexique\",\"isPartOf\":{\"@id\":\"https:\/\/livraison-de-nuit-93.fr\/blog\/#website\"},\"datePublished\":\"2026-04-02T10:05:49+00:00\",\"description\":\"Lexique Livraison : transport d\u2019un colis jusqu\u2019au client Nocturne : qui se d\u00e9roule la nuit Transport : d\u00e9placement de marchandises Colis : objet livr\u00e9\",\"inLanguage\":\"fr-FR\",\"potentialAction\":[{\"@type\":\"ReadAction\",\"target\":[\"https:\/\/livraison-de-nuit-93.fr\/blog\/lexique\/\"]}]},{\"@type\":\"WebSite\",\"@id\":\"https:\/\/livraison-de-nuit-93.fr\/blog\/#website\",\"url\":\"https:\/\/livraison-de-nuit-93.fr\/blog\/\",\"name\":\"livraison-de-nuit-93.fr\",\"description\":\"Livraison de Nuit 93, votre service nocturne de confiance\",\"publisher\":{\"@id\":\"https:\/\/livraison-de-nuit-93.fr\/blog\/#organization\"},\"alternateName\":\"Livraison de Nuit 93, votre service nocturne de confiance\",\"potentialAction\":[{\"@type\":\"SearchAction\",\"target\":{\"@type\":\"EntryPoint\",\"urlTemplate\":\"https:\/\/livraison-de-nuit-93.fr\/blog\/?s={search_term_string}\"},\"query-input\":{\"@type\":\"PropertyValueSpecification\",\"valueRequired\":true,\"valueName\":\"search_term_string\"}}],\"inLanguage\":\"fr-FR\"},{\"@type\":\"Organization\",\"@id\":\"https:\/\/livraison-de-nuit-93.fr\/blog\/#organization\",\"name\":\"Foretsensations.fr\",\"url\":\"https:\/\/livraison-de-nuit-93.fr\/blog\/\",\"logo\":{\"@type\":\"ImageObject\",\"inLanguage\":\"fr-FR\",\"@id\":\"https:\/\/livraison-de-nuit-93.fr\/blog\/#\/schema\/logo\/image\/\",\"url\":\"https:\/\/livraison-de-nuit-93.fr\/blog\/wp-content\/uploads\/2024\/12\/1.png\",\"contentUrl\":\"https:\/\/livraison-de-nuit-93.fr\/blog\/wp-content\/uploads\/2024\/12\/1.png\",\"width\":500,\"height\":500,\"caption\":\"Foretsensations.fr\"},\"image\":{\"@id\":\"https:\/\/livraison-de-nuit-93.fr\/blog\/#\/schema\/logo\/image\/\"}}]}<\/script>\n<!-- \/ Yoast SEO Premium plugin. -->","yoast_head_json":{"title":"Lexique","description":"Lexique Livraison : transport d\u2019un colis jusqu\u2019au client Nocturne : qui se d\u00e9roule la nuit Transport : d\u00e9placement de marchandises Colis : objet livr\u00e9","robots":{"index":"index","follow":"follow","max-snippet":"max-snippet:-1","max-image-preview":"max-image-preview:large","max-video-preview":"max-video-preview:-1"},"canonical":"https:\/\/livraison-de-nuit-93.fr\/blog\/lexique\/","og_locale":"fr_FR","og_type":"article","og_title":"Lexique","og_description":"Lexique Livraison : transport d\u2019un colis jusqu\u2019au client Nocturne : qui se d\u00e9roule la nuit Transport : d\u00e9placement de marchandises Colis : objet livr\u00e9","og_url":"https:\/\/livraison-de-nuit-93.fr\/blog\/lexique\/","og_site_name":"livraison-de-nuit-93","twitter_card":"summary_large_image","schema":{"@context":"https:\/\/schema.org","@graph":[{"@type":"WebPage","@id":"https:\/\/livraison-de-nuit-93.fr\/blog\/lexique\/","url":"https:\/\/livraison-de-nuit-93.fr\/blog\/lexique\/","name":"Lexique","isPartOf":{"@id":"https:\/\/livraison-de-nuit-93.fr\/blog\/#website"},"datePublished":"2026-04-02T10:05:49+00:00","description":"Lexique Livraison : transport d\u2019un colis jusqu\u2019au client Nocturne : qui se d\u00e9roule la nuit Transport : d\u00e9placement de marchandises Colis : objet livr\u00e9","inLanguage":"fr-FR","potentialAction":[{"@type":"ReadAction","target":["https:\/\/livraison-de-nuit-93.fr\/blog\/lexique\/"]}]},{"@type":"WebSite","@id":"https:\/\/livraison-de-nuit-93.fr\/blog\/#website","url":"https:\/\/livraison-de-nuit-93.fr\/blog\/","name":"livraison-de-nuit-93.fr","description":"Livraison de Nuit 93, votre service nocturne de confiance","publisher":{"@id":"https:\/\/livraison-de-nuit-93.fr\/blog\/#organization"},"alternateName":"Livraison de Nuit 93, votre service nocturne de confiance","potentialAction":[{"@type":"SearchAction","target":{"@type":"EntryPoint","urlTemplate":"https:\/\/livraison-de-nuit-93.fr\/blog\/?s={search_term_string}"},"query-input":{"@type":"PropertyValueSpecification","valueRequired":true,"valueName":"search_term_string"}}],"inLanguage":"fr-FR"},{"@type":"Organization","@id":"https:\/\/livraison-de-nuit-93.fr\/blog\/#organization","name":"Foretsensations.fr","url":"https:\/\/livraison-de-nuit-93.fr\/blog\/","logo":{"@type":"ImageObject","inLanguage":"fr-FR","@id":"https:\/\/livraison-de-nuit-93.fr\/blog\/#\/schema\/logo\/image\/","url":"https:\/\/livraison-de-nuit-93.fr\/blog\/wp-content\/uploads\/2024\/12\/1.png","contentUrl":"https:\/\/livraison-de-nuit-93.fr\/blog\/wp-content\/uploads\/2024\/12\/1.png","width":500,"height":500,"caption":"Foretsensations.fr"},"image":{"@id":"https:\/\/livraison-de-nuit-93.fr\/blog\/#\/schema\/logo\/image\/"}}]}},"_links":{"self":[{"href":"https:\/\/livraison-de-nuit-93.fr\/blog\/wp-json\/wp\/v2\/pages\/7591","targetHints":{"allow":["GET"]}}],"collection":[{"href":"https:\/\/livraison-de-nuit-93.fr\/blog\/wp-json\/wp\/v2\/pages"}],"about":[{"href":"https:\/\/livraison-de-nuit-93.fr\/blog\/wp-json\/wp\/v2\/types\/page"}],"author":[{"embeddable":true,"href":"https:\/\/livraison-de-nuit-93.fr\/blog\/wp-json\/wp\/v2\/users\/34"}],"replies":[{"embeddable":true,"href":"https:\/\/livraison-de-nuit-93.fr\/blog\/wp-json\/wp\/v2\/comments?post=7591"}],"version-history":[{"count":1,"href":"https:\/\/livraison-de-nuit-93.fr\/blog\/wp-json\/wp\/v2\/pages\/7591\/revisions"}],"predecessor-version":[{"id":7593,"href":"https:\/\/livraison-de-nuit-93.fr\/blog\/wp-json\/wp\/v2\/pages\/7591\/revisions\/7593"}],"wp:attachment":[{"href":"https:\/\/livraison-de-nuit-93.fr\/blog\/wp-json\/wp\/v2\/media?parent=7591"}],"curies":[{"name":"wp","href":"https:\/\/api.w.org\/{rel}","templated":true}]}}