{"id":66,"date":"2023-10-11T12:06:52","date_gmt":"2023-10-11T10:06:52","guid":{"rendered":"https:\/\/livraison-de-nuit-93.fr\/blog\/?page_id=66"},"modified":"2023-10-11T12:06:52","modified_gmt":"2023-10-11T10:06:52","slug":"plan-du-site","status":"publish","type":"page","link":"https:\/\/livraison-de-nuit-93.fr\/blog\/plan-du-site\/","title":{"rendered":"Plan du site"},"content":{"rendered":"<h2><a href=\"https:\/\/livraison-de-nuit-93.fr\/blog\/a-la-une\/\" class=\"simple\">\u00c0 la une<\/a><\/h2><ul><li><a href=\"https:\/\/livraison-de-nuit-93.fr\/blog\/a-la-une\/pourquoi-la-livraison-nocturne-seduit-en-seine-saint-denis-93\/\" class=\"simple\">Pourquoi la livraison nocturne s\u00e9duit en Seine-Saint-Denis (93)<\/a><\/li><li><a href=\"https:\/\/livraison-de-nuit-93.fr\/blog\/a-la-une\/livraison-de-nuit-a-paris-19-un-service-pratique-pour-tous-vos-besoins\/\" class=\"simple\">Livraison de nuit \u00e0 Paris 19 : Un service pratique pour tous vos besoins<\/a><\/li><li><a href=\"https:\/\/livraison-de-nuit-93.fr\/blog\/a-la-une\/livraison-de-nuit-75-un-service-pratique-et-efficace-pour-tous\/\" class=\"simple\">Livraison de Nuit 75 : Un Service Pratique et Efficace pour Tous<\/a><\/li><li><a href=\"https:\/\/livraison-de-nuit-93.fr\/blog\/a-la-une\/livraison-de-nuit-a-nice-solutions-pratiques-pour-vos-besoins-urgents\/\" class=\"simple\">Livraison de nuit \u00e0 Nice : Solutions pratiques pour vos besoins urgents<\/a><\/li><li><a href=\"https:\/\/livraison-de-nuit-93.fr\/blog\/a-la-une\/la-livraison-de-nuit-de-sandwiches-une-solution-gourmande-pour-vos-envies-tardives\/\" class=\"simple\">La livraison de nuit de sandwiches : une solution gourmande pour vos envies tardives<\/a><\/li><li><a href=\"https:\/\/livraison-de-nuit-93.fr\/blog\/a-la-une\/optimisez-votre-livraison-de-nuit-dans-le-val-doise-guide-complet\/\" class=\"simple\">Optimisez votre livraison de nuit dans le Val-d&#039;Oise : Guide complet<\/a><\/li><li><a href=\"https:\/\/livraison-de-nuit-93.fr\/blog\/a-la-une\/livraison-de-nuit-a-orleans-les-avantages-et-les-solutions-pour-vos-besoins\/\" class=\"simple\">Livraison de nuit \u00e0 Orl\u00e9ans : les avantages et les solutions pour vos besoins<\/a><\/li><li><a href=\"https:\/\/livraison-de-nuit-93.fr\/blog\/a-la-une\/livraison-de-nuit-a-orleans-solutions-pratiques-et-avantages\/\" class=\"simple\">Livraison de nuit \u00e0 Orl\u00e9ans : Solutions pratiques et avantages<\/a><\/li><li><a href=\"https:\/\/livraison-de-nuit-93.fr\/blog\/a-la-une\/livraison-de-nuit-au-havre-un-service-pratique-et-efficace\/\" class=\"simple\">Livraison de nuit au Havre : un service pratique et efficace<\/a><\/li><li><a href=\"https:\/\/livraison-de-nuit-93.fr\/blog\/a-la-une\/la-livraison-de-nuit-a-mantes-la-jolie-un-service-pratique-et-fiable\/\" class=\"simple\">La Livraison de Nuit \u00e0 Mantes-la-Jolie : Un Service Pratique et Fiable<\/a><\/li><li><a href=\"https:\/\/livraison-de-nuit-93.fr\/blog\/a-la-une\/livraison-de-nuit-aux-mureaux-un-service-pratique-et-fiable\/\" class=\"simple\">Livraison de Nuit aux Mureaux : Un Service Pratique et Fiable<\/a><\/li><li><a href=\"https:\/\/livraison-de-nuit-93.fr\/blog\/a-la-une\/decouvrez-les-avantages-de-la-livraison-de-nuit-dans-le-94-pour-les-africains\/\" class=\"simple\">D\u00e9couvrez les avantages de la livraison de nuit dans le 94 pour les Africains<\/a><\/li><li><a href=\"https:\/\/livraison-de-nuit-93.fr\/blog\/a-la-une\/livraison-de-nuit-dans-le-78-tout-ce-que-vous-devez-savoir\/\" class=\"simple\">Livraison de Nuit dans le 78 : Tout ce que Vous Devez Savoir<\/a><\/li><li><a href=\"https:\/\/livraison-de-nuit-93.fr\/blog\/a-la-une\/livraison-de-nuit-a-lille-tout-ce-quil-faut-savoir-pour-etre-serein\/\" class=\"simple\">Livraison de nuit \u00e0 Lille : Tout ce qu&#039;il faut savoir pour \u00eatre serein<\/a><\/li><li><a href=\"https:\/\/livraison-de-nuit-93.fr\/blog\/a-la-une\/livraison-de-nuit-a-mantes-la-jolie-un-service-sur-mesure-pour-vos-besoins-urgents\/\" class=\"simple\">Livraison de nuit \u00e0 Mantes-la-Jolie : un service sur mesure pour vos besoins urgents<\/a><\/li><li><a href=\"https:\/\/livraison-de-nuit-93.fr\/blog\/a-la-une\/la-livraison-de-nuit-a-troyes-un-service-pratique-et-innovant\/\" class=\"simple\">La livraison de nuit \u00e0 Troyes : un service pratique et innovant<\/a><\/li><li><a href=\"https:\/\/livraison-de-nuit-93.fr\/blog\/a-la-une\/livraison-de-nuit-savourez-des-plats-africains-dans-le-78\/\" class=\"simple\">Livraison de nuit : savourez des plats africains dans le 78<\/a><\/li><li><a href=\"https:\/\/livraison-de-nuit-93.fr\/blog\/a-la-une\/livraison-de-nuit-a-bordeaux-un-service-pratique-et-rapide\/\" class=\"simple\">Livraison de nuit \u00e0 Bordeaux : un service pratique et rapide<\/a><\/li><li><a href=\"https:\/\/livraison-de-nuit-93.fr\/blog\/a-la-une\/livraison-de-nuit-de-la-cuisine-africaine-decouvrez-les-saveurs-nocturnes\/\" class=\"simple\">Livraison de nuit de la cuisine africaine : d\u00e9couvrez les saveurs nocturnes<\/a><\/li><li><a href=\"https:\/\/livraison-de-nuit-93.fr\/blog\/a-la-une\/livraison-de-nuit-a-marseille-services-avantages-et-options-pratiques\/\" class=\"simple\">Livraison de nuit \u00e0 Marseille : Services, avantages et options pratiques<\/a><\/li><li><a href=\"https:\/\/livraison-de-nuit-93.fr\/blog\/a-la-une\/livraison-de-nuit-a-lyon-un-service-rapide-et-efficace-pour-vos-envois\/\" class=\"simple\">Livraison de nuit \u00e0 Lyon : un service rapide et efficace pour vos envois<\/a><\/li><\/ul><h2><a href=\"https:\/\/livraison-de-nuit-93.fr\/blog\/conseils-et-comparatifs\/\" class=\"simple\">Conseils et Comparatifs<\/a><\/h2><ul><li><a href=\"https:\/\/livraison-de-nuit-93.fr\/blog\/conseils-et-comparatifs\/pourboire-livreur-de-nuit-conseils-pratiques-et-montants-a-connaitre\/\" class=\"simple\">Pourboire livreur de nuit : conseils pratiques et montants \u00e0 conna\u00eetre<\/a><\/li><li><a href=\"https:\/\/livraison-de-nuit-93.fr\/blog\/conseils-et-comparatifs\/livraison-courses-en-2h-le-matin-comment-gagner-du-temps-en-ville\/\" class=\"simple\">Livraison courses en 2h le matin : comment gagner du temps en ville<\/a><\/li><li><a href=\"https:\/\/livraison-de-nuit-93.fr\/blog\/conseils-et-comparatifs\/depannage-alimentaire-nocturne-comment-gerer-les-besoins-nocturnes-efficacement\/\" class=\"simple\">D\u00e9pannage alimentaire nocturne : comment g\u00e9rer les besoins nocturnes efficacement<\/a><\/li><\/ul><h2><a href=\"https:\/\/livraison-de-nuit-93.fr\/blog\/livraison-alimentaire-nuit\/\" class=\"simple\">Livraison Alimentaire Nuit<\/a><\/h2><ul><li><a href=\"https:\/\/livraison-de-nuit-93.fr\/blog\/livraison-alimentaire-nuit\/horaires-livraison-nocturne-ce-que-vous-devez-savoir-sur-ces-nouveaux-delais\/\" class=\"simple\">Horaires livraison nocturne : ce que vous devez savoir sur ces nouveaux d\u00e9lais<\/a><\/li><li><a href=\"https:\/\/livraison-de-nuit-93.fr\/blog\/livraison-alimentaire-nuit\/livraison-bonbec-nuit-comment-profiter-des-desserts-tard-le-soir\/\" class=\"simple\">Livraison Bonbec Nuit : comment profiter des desserts tard le soir<\/a><\/li><li><a href=\"https:\/\/livraison-de-nuit-93.fr\/blog\/livraison-alimentaire-nuit\/comment-la-livraison-de-repas-nocturne-simpose-comme-une-solution-pratique-et-innovante\/\" class=\"simple\">Comment la livraison de repas nocturne s\u2019impose comme une solution pratique et innovante<\/a><\/li><li><a href=\"https:\/\/livraison-de-nuit-93.fr\/blog\/livraison-alimentaire-nuit\/les-meilleures-options-de-livraison-nocturne-de-pizza-a-paris\/\" class=\"simple\">Les meilleures options de livraison nocturne de pizza \u00e0 Paris<\/a><\/li><li><a href=\"https:\/\/livraison-de-nuit-93.fr\/blog\/livraison-alimentaire-nuit\/snack-ouvert-24h\/\" class=\"simple\">snack ouvert 24h<\/a><\/li><li><a href=\"https:\/\/livraison-de-nuit-93.fr\/blog\/livraison-alimentaire-nuit\/epicerie-ouverte-la-nuit-une-tendance-essentielle-en-ville-en-2024\/\" class=\"simple\">\u00c9picerie ouverte la nuit : une tendance essentielle en ville en 2024<\/a><\/li><li><a href=\"https:\/\/livraison-de-nuit-93.fr\/blog\/livraison-alimentaire-nuit\/les-criteres-a-considerer-lors-du-choix-dun-service-de-livraison-nocturne\/\" class=\"simple\">Les crit\u00e8res \u00e0 consid\u00e9rer lors du choix d&#039;un service de livraison nocturne<\/a><\/li><li><a href=\"https:\/\/livraison-de-nuit-93.fr\/blog\/livraison-alimentaire-nuit\/comment-se-distinguer-avec-un-service-de-livraison-nocturne\/\" class=\"simple\">Comment se distinguer avec un service de livraison nocturne<\/a><\/li><li><a href=\"https:\/\/livraison-de-nuit-93.fr\/blog\/livraison-alimentaire-nuit\/les-cas-dusage-des-services-de-livraison-nocturne\/\" class=\"simple\">Les cas d\u2019usage des services de livraison nocturne<\/a><\/li><li><a href=\"https:\/\/livraison-de-nuit-93.fr\/blog\/livraison-alimentaire-nuit\/le-role-des-plateformes-numeriques-dans-la-livraison-nocturne\/\" class=\"simple\">Le r\u00f4le des plateformes num\u00e9riques dans la livraison nocturne<\/a><\/li><li><a href=\"https:\/\/livraison-de-nuit-93.fr\/blog\/livraison-alimentaire-nuit\/les-erreurs-a-eviter-lors-de-la-livraison-nocturne\/\" class=\"simple\">Les erreurs \u00e0 \u00e9viter lors de la livraison nocturne<\/a><\/li><li><a href=\"https:\/\/livraison-de-nuit-93.fr\/blog\/livraison-alimentaire-nuit\/les-techniques-de-marketing-pour-les-services-de-livraison-nocturne\/\" class=\"simple\">Les techniques de marketing pour les services de livraison nocturne<\/a><\/li><li><a href=\"https:\/\/livraison-de-nuit-93.fr\/blog\/livraison-alimentaire-nuit\/livraison-nocturne-un-nouveau-standard-dans-le-93\/\" class=\"simple\">Livraison nocturne : un nouveau standard dans le 93<\/a><\/li><li><a href=\"https:\/\/livraison-de-nuit-93.fr\/blog\/livraison-alimentaire-nuit\/comment-innover-dans-le-secteur-de-la-livraison-nocturne\/\" class=\"simple\">Comment innover dans le secteur de la livraison nocturne<\/a><\/li><li><a href=\"https:\/\/livraison-de-nuit-93.fr\/blog\/livraison-alimentaire-nuit\/les-meilleures-pratiques-pour-une-livraison-nocturne-efficace\/\" class=\"simple\">Les meilleures pratiques pour une livraison nocturne efficace<\/a><\/li><li><a href=\"https:\/\/livraison-de-nuit-93.fr\/blog\/livraison-alimentaire-nuit\/livraison-nocturne-le-temoignage-dun-utilisateur-dans-le-93\/\" class=\"simple\">Livraison nocturne : le t\u00e9moignage d&#039;un utilisateur dans le 93<\/a><\/li><li><a href=\"https:\/\/livraison-de-nuit-93.fr\/blog\/livraison-alimentaire-nuit\/les-perspectives-davenir-des-services-de-livraison-nocturne\/\" class=\"simple\">Les perspectives d&#039;avenir des services de livraison nocturne<\/a><\/li><li><a href=\"https:\/\/livraison-de-nuit-93.fr\/blog\/livraison-alimentaire-nuit\/livraison-nocturne-quels-types-de-produits-peuvent-etre-livres\/\" class=\"simple\">Livraison nocturne : quels types de produits peuvent \u00eatre livr\u00e9s ?<\/a><\/li><li><a href=\"https:\/\/livraison-de-nuit-93.fr\/blog\/livraison-alimentaire-nuit\/les-impacts-des-services-de-livraison-nocturne-sur-leconomie-locale\/\" class=\"simple\">Les impacts des services de livraison nocturne sur l\u2019\u00e9conomie locale<\/a><\/li><li><a href=\"https:\/\/livraison-de-nuit-93.fr\/blog\/livraison-alimentaire-nuit\/comment-optimiser-vos-livraisons-nocturnes-dans-le-93\/\" class=\"simple\">Comment optimiser vos livraisons nocturnes dans le 93<\/a><\/li><li><a href=\"https:\/\/livraison-de-nuit-93.fr\/blog\/livraison-alimentaire-nuit\/le-role-des-technologies-dans-les-services-de-livraison-nocturne\/\" class=\"simple\">Le r\u00f4le des technologies dans les services de livraison nocturne<\/a><\/li><li><a href=\"https:\/\/livraison-de-nuit-93.fr\/blog\/livraison-alimentaire-nuit\/comparatif-des-services-de-livraison-nocturne-dans-le-93\/\" class=\"simple\">Comparatif des services de livraison nocturne dans le 93<\/a><\/li><li><a href=\"https:\/\/livraison-de-nuit-93.fr\/blog\/livraison-alimentaire-nuit\/comment-utiliser-un-service-de-livraison-nocturne-pour-vos-besoins\/\" class=\"simple\">Comment utiliser un service de livraison nocturne pour vos besoins<\/a><\/li><li><a href=\"https:\/\/livraison-de-nuit-93.fr\/blog\/livraison-alimentaire-nuit\/les-zones-desservies-par-les-services-de-livraison-nocturne-dans-le-93\/\" class=\"simple\">Les zones desservies par les services de livraison nocturne dans le 93<\/a><\/li><li><a href=\"https:\/\/livraison-de-nuit-93.fr\/blog\/livraison-alimentaire-nuit\/services-de-livraison-nocturne-fiabilite-et-rapidite-dans-le-93\/\" class=\"simple\">Services de livraison nocturne : fiabilit\u00e9 et rapidit\u00e9 dans le 93<\/a><\/li><li><a href=\"https:\/\/livraison-de-nuit-93.fr\/blog\/livraison-alimentaire-nuit\/les-defis-des-services-de-livraison-nocturne-dans-le-93\/\" class=\"simple\">Les d\u00e9fis des services de livraison nocturne dans le 93<\/a><\/li><li><a href=\"https:\/\/livraison-de-nuit-93.fr\/blog\/livraison-alimentaire-nuit\/comment-les-services-de-livraison-nocturne-changent-le-commerce-local\/\" class=\"simple\">Comment les services de livraison nocturne changent le commerce local<\/a><\/li><li><a href=\"https:\/\/livraison-de-nuit-93.fr\/blog\/livraison-alimentaire-nuit\/livraison-nocturne-un-atout-pour-les-e-commercants-dans-le-93\/\" class=\"simple\">Livraison nocturne : un atout pour les e-commer\u00e7ants dans le 93<\/a><\/li><li><a href=\"https:\/\/livraison-de-nuit-93.fr\/blog\/livraison-alimentaire-nuit\/les-tendances-des-services-de-livraison-nocturne-en-seine-saint-denis\/\" class=\"simple\">Les tendances des services de livraison nocturne en Seine-Saint-Denis<\/a><\/li><li><a href=\"https:\/\/livraison-de-nuit-93.fr\/blog\/livraison-alimentaire-nuit\/pourquoi-opter-pour-une-livraison-nocturne-dans-le-93\/\" class=\"simple\">Pourquoi opter pour une livraison nocturne dans le 93 ?<\/a><\/li><li><a href=\"https:\/\/livraison-de-nuit-93.fr\/blog\/livraison-alimentaire-nuit\/les-tarifs-des-services-de-livraison-nocturne-dans-le-93\/\" class=\"simple\">Les tarifs des services de livraison nocturne dans le 93<\/a><\/li><li><a href=\"https:\/\/livraison-de-nuit-93.fr\/blog\/livraison-alimentaire-nuit\/livraison-nocturne-une-solution-pour-les-commercants-du-93\/\" class=\"simple\">Livraison nocturne : une solution pour les commer\u00e7ants du 93<\/a><\/li><li><a href=\"https:\/\/livraison-de-nuit-93.fr\/blog\/livraison-alimentaire-nuit\/les-horaires-de-livraison-nocturne-ce-quil-faut-savoir-dans-le-93\/\" class=\"simple\">Les horaires de livraison nocturne : ce qu&#039;il faut savoir dans le 93<\/a><\/li><li><a href=\"https:\/\/livraison-de-nuit-93.fr\/blog\/livraison-alimentaire-nuit\/comprendre-le-fonctionnement-des-services-de-livraison-nocturne\/\" class=\"simple\">Comprendre le fonctionnement des services de livraison nocturne<\/a><\/li><li><a href=\"https:\/\/livraison-de-nuit-93.fr\/blog\/livraison-alimentaire-nuit\/les-meilleures-entreprises-de-livraison-nocturne-dans-le-93\/\" class=\"simple\">Les meilleures entreprises de livraison nocturne dans le 93<\/a><\/li><li><a href=\"https:\/\/livraison-de-nuit-93.fr\/blog\/livraison-alimentaire-nuit\/comment-choisir-un-service-de-livraison-nocturne-efficace-en-seine-saint-denis\/\" class=\"simple\">Comment choisir un service de livraison nocturne efficace en Seine-Saint-Denis<\/a><\/li><li><a href=\"https:\/\/livraison-de-nuit-93.fr\/blog\/livraison-alimentaire-nuit\/les-avantages-des-services-de-livraison-nocturne-dans-le-93\/\" class=\"simple\">Les avantages des services de livraison nocturne dans le 93<\/a><\/li><\/ul><h2><a href=\"https:\/\/livraison-de-nuit-93.fr\/blog\/livraison-de-boissons\/\" class=\"simple\">Livraison de Boissons<\/a><\/h2><ul><li><a href=\"https:\/\/livraison-de-nuit-93.fr\/blog\/livraison-de-boissons\/tarifs-de-livraison-nuit-2026-ce-que-vous-devez-connaitre\/\" class=\"simple\">Tarifs de livraison nuit 2026 : ce que vous devez conna\u00eetre<\/a><\/li><li><a href=\"https:\/\/livraison-de-nuit-93.fr\/blog\/livraison-de-boissons\/sushi-livraison-nuit-a-paris-le-nouveau-reflexe-des-soirees-tardives\/\" class=\"simple\">Sushi livraison nuit \u00e0 Paris : le nouveau r\u00e9flexe des soir\u00e9es tardives<\/a><\/li><li><a href=\"https:\/\/livraison-de-nuit-93.fr\/blog\/livraison-de-boissons\/pourquoi-la-livraison-de-glaces-la-nuit-explose-a-paris-tendances-et-raisons\/\" class=\"simple\">Pourquoi la livraison de glaces la nuit explose \u00e0 Paris : tendances et raisons<\/a><\/li><li><a href=\"https:\/\/livraison-de-nuit-93.fr\/blog\/livraison-de-boissons\/livraison-de-cigarettes-de-nuit-a-paris-gestion-des-imprevus-et-confort\/\" class=\"simple\">Livraison de cigarettes de nuit \u00e0 Paris : gestion des impr\u00e9vus et confort<\/a><\/li><li><a href=\"https:\/\/livraison-de-nuit-93.fr\/blog\/livraison-de-boissons\/uber-eats-nuit-la-livraison-de-repas-a-paris-et-en-ville-une-solution-pratique-pour-manger-tard\/\" class=\"simple\">Uber Eats Nuit : La livraison de repas \u00e0 Paris et en ville, une solution pratique pour manger tard<\/a><\/li><li><a href=\"https:\/\/livraison-de-nuit-93.fr\/blog\/livraison-de-boissons\/livraison-dalcool-la-nuit-comment-profiter-en-toute-legalite-et-securite\/\" class=\"simple\">Livraison d\u2019alcool la nuit : comment profiter en toute l\u00e9galit\u00e9 et s\u00e9curit\u00e9<\/a><\/li><\/ul><h2><a href=\"https:\/\/livraison-de-nuit-93.fr\/blog\/zones-desservies-en-seine-saint-denis\/\" class=\"simple\">Zones Desservies en Seine-Saint-Denis<\/a><\/h2><ul><li><a href=\"https:\/\/livraison-de-nuit-93.fr\/blog\/zones-desservies-en-seine-saint-denis\/course-nocturne-en-seine-saint-denis-une-experience-sensorielle-unique\/\" class=\"simple\">Course nocturne en Seine-Saint-Denis : une exp\u00e9rience sensorielle unique<\/a><\/li><li><a href=\"https:\/\/livraison-de-nuit-93.fr\/blog\/zones-desservies-en-seine-saint-denis\/zone-livraison-93-levolution-strategique-des-services-en-seine-saint-denis\/\" class=\"simple\">Zone livraison 93 : l&#039;\u00e9volution strat\u00e9gique des services en Seine-Saint-Denis<\/a><\/li><li><a href=\"https:\/\/livraison-de-nuit-93.fr\/blog\/zones-desservies-en-seine-saint-denis\/pharmacie-de-garde-nuit-93-comment-trouver-une-officine-ouverte-en-seine-saint-denis\/\" class=\"simple\">Pharmacie de garde nuit 93 : comment trouver une officine ouverte en Seine-Saint-Denis<\/a><\/li><\/ul>\n","protected":false},"excerpt":{"rendered":"","protected":false},"author":34,"featured_media":0,"parent":0,"menu_order":0,"comment_status":"closed","ping_status":"closed","template":"","meta":{"_acf_changed":false,"manual_indexmenow":false,"indexmenow_id_project":0,"footnotes":""},"class_list":["post-66","page","type-page","status-publish"],"acf":[],"yoast_head":"<!-- This site is optimized with the Yoast SEO Premium plugin v21.3 (Yoast SEO v26.5) - https:\/\/yoast.com\/wordpress\/plugins\/seo\/ -->\n<title>Plan du site<\/title>\n<meta name=\"robots\" content=\"index, follow, max-snippet:-1, max-image-preview:large, max-video-preview:-1\" \/>\n<link rel=\"canonical\" href=\"https:\/\/livraison-de-nuit-93.fr\/blog\/plan-du-site\/\" \/>\n<meta property=\"og:locale\" content=\"fr_FR\" \/>\n<meta property=\"og:type\" content=\"article\" \/>\n<meta property=\"og:title\" content=\"Plan du site\" \/>\n<meta property=\"og:url\" content=\"https:\/\/livraison-de-nuit-93.fr\/blog\/plan-du-site\/\" \/>\n<meta property=\"og:site_name\" content=\"livraison-de-nuit-93\" \/>\n<meta name=\"twitter:card\" content=\"summary_large_image\" \/>\n<script type=\"application\/ld+json\" class=\"yoast-schema-graph\">{\"@context\":\"https:\/\/schema.org\",\"@graph\":[{\"@type\":\"WebPage\",\"@id\":\"https:\/\/livraison-de-nuit-93.fr\/blog\/plan-du-site\/\",\"url\":\"https:\/\/livraison-de-nuit-93.fr\/blog\/plan-du-site\/\",\"name\":\"Plan du site\",\"isPartOf\":{\"@id\":\"https:\/\/livraison-de-nuit-93.fr\/blog\/#website\"},\"datePublished\":\"2023-10-11T10:06:52+00:00\",\"inLanguage\":\"fr-FR\",\"potentialAction\":[{\"@type\":\"ReadAction\",\"target\":[\"https:\/\/livraison-de-nuit-93.fr\/blog\/plan-du-site\/\"]}]},{\"@type\":\"WebSite\",\"@id\":\"https:\/\/livraison-de-nuit-93.fr\/blog\/#website\",\"url\":\"https:\/\/livraison-de-nuit-93.fr\/blog\/\",\"name\":\"livraison-de-nuit-93.fr\",\"description\":\"Livraison de Nuit 93, votre service nocturne de confiance\",\"publisher\":{\"@id\":\"https:\/\/livraison-de-nuit-93.fr\/blog\/#organization\"},\"alternateName\":\"Livraison de Nuit 93, votre service nocturne de confiance\",\"potentialAction\":[{\"@type\":\"SearchAction\",\"target\":{\"@type\":\"EntryPoint\",\"urlTemplate\":\"https:\/\/livraison-de-nuit-93.fr\/blog\/?s={search_term_string}\"},\"query-input\":{\"@type\":\"PropertyValueSpecification\",\"valueRequired\":true,\"valueName\":\"search_term_string\"}}],\"inLanguage\":\"fr-FR\"},{\"@type\":\"Organization\",\"@id\":\"https:\/\/livraison-de-nuit-93.fr\/blog\/#organization\",\"name\":\"Foretsensations.fr\",\"url\":\"https:\/\/livraison-de-nuit-93.fr\/blog\/\",\"logo\":{\"@type\":\"ImageObject\",\"inLanguage\":\"fr-FR\",\"@id\":\"https:\/\/livraison-de-nuit-93.fr\/blog\/#\/schema\/logo\/image\/\",\"url\":\"https:\/\/livraison-de-nuit-93.fr\/blog\/wp-content\/uploads\/2024\/12\/1.png\",\"contentUrl\":\"https:\/\/livraison-de-nuit-93.fr\/blog\/wp-content\/uploads\/2024\/12\/1.png\",\"width\":500,\"height\":500,\"caption\":\"Foretsensations.fr\"},\"image\":{\"@id\":\"https:\/\/livraison-de-nuit-93.fr\/blog\/#\/schema\/logo\/image\/\"}}]}<\/script>\n<!-- \/ Yoast SEO Premium plugin. -->","yoast_head_json":{"title":"Plan du site","robots":{"index":"index","follow":"follow","max-snippet":"max-snippet:-1","max-image-preview":"max-image-preview:large","max-video-preview":"max-video-preview:-1"},"canonical":"https:\/\/livraison-de-nuit-93.fr\/blog\/plan-du-site\/","og_locale":"fr_FR","og_type":"article","og_title":"Plan du site","og_url":"https:\/\/livraison-de-nuit-93.fr\/blog\/plan-du-site\/","og_site_name":"livraison-de-nuit-93","twitter_card":"summary_large_image","schema":{"@context":"https:\/\/schema.org","@graph":[{"@type":"WebPage","@id":"https:\/\/livraison-de-nuit-93.fr\/blog\/plan-du-site\/","url":"https:\/\/livraison-de-nuit-93.fr\/blog\/plan-du-site\/","name":"Plan du site","isPartOf":{"@id":"https:\/\/livraison-de-nuit-93.fr\/blog\/#website"},"datePublished":"2023-10-11T10:06:52+00:00","inLanguage":"fr-FR","potentialAction":[{"@type":"ReadAction","target":["https:\/\/livraison-de-nuit-93.fr\/blog\/plan-du-site\/"]}]},{"@type":"WebSite","@id":"https:\/\/livraison-de-nuit-93.fr\/blog\/#website","url":"https:\/\/livraison-de-nuit-93.fr\/blog\/","name":"livraison-de-nuit-93.fr","description":"Livraison de Nuit 93, votre service nocturne de confiance","publisher":{"@id":"https:\/\/livraison-de-nuit-93.fr\/blog\/#organization"},"alternateName":"Livraison de Nuit 93, votre service nocturne de confiance","potentialAction":[{"@type":"SearchAction","target":{"@type":"EntryPoint","urlTemplate":"https:\/\/livraison-de-nuit-93.fr\/blog\/?s={search_term_string}"},"query-input":{"@type":"PropertyValueSpecification","valueRequired":true,"valueName":"search_term_string"}}],"inLanguage":"fr-FR"},{"@type":"Organization","@id":"https:\/\/livraison-de-nuit-93.fr\/blog\/#organization","name":"Foretsensations.fr","url":"https:\/\/livraison-de-nuit-93.fr\/blog\/","logo":{"@type":"ImageObject","inLanguage":"fr-FR","@id":"https:\/\/livraison-de-nuit-93.fr\/blog\/#\/schema\/logo\/image\/","url":"https:\/\/livraison-de-nuit-93.fr\/blog\/wp-content\/uploads\/2024\/12\/1.png","contentUrl":"https:\/\/livraison-de-nuit-93.fr\/blog\/wp-content\/uploads\/2024\/12\/1.png","width":500,"height":500,"caption":"Foretsensations.fr"},"image":{"@id":"https:\/\/livraison-de-nuit-93.fr\/blog\/#\/schema\/logo\/image\/"}}]}},"_links":{"self":[{"href":"https:\/\/livraison-de-nuit-93.fr\/blog\/wp-json\/wp\/v2\/pages\/66","targetHints":{"allow":["GET"]}}],"collection":[{"href":"https:\/\/livraison-de-nuit-93.fr\/blog\/wp-json\/wp\/v2\/pages"}],"about":[{"href":"https:\/\/livraison-de-nuit-93.fr\/blog\/wp-json\/wp\/v2\/types\/page"}],"author":[{"embeddable":true,"href":"https:\/\/livraison-de-nuit-93.fr\/blog\/wp-json\/wp\/v2\/users\/34"}],"replies":[{"embeddable":true,"href":"https:\/\/livraison-de-nuit-93.fr\/blog\/wp-json\/wp\/v2\/comments?post=66"}],"version-history":[{"count":1,"href":"https:\/\/livraison-de-nuit-93.fr\/blog\/wp-json\/wp\/v2\/pages\/66\/revisions"}],"predecessor-version":[{"id":67,"href":"https:\/\/livraison-de-nuit-93.fr\/blog\/wp-json\/wp\/v2\/pages\/66\/revisions\/67"}],"wp:attachment":[{"href":"https:\/\/livraison-de-nuit-93.fr\/blog\/wp-json\/wp\/v2\/media?parent=66"}],"curies":[{"name":"wp","href":"https:\/\/api.w.org\/{rel}","templated":true}]}}