{"id":60,"date":"2023-10-11T12:06:03","date_gmt":"2023-10-11T10:06:03","guid":{"rendered":"https:\/\/livraison-de-nuit-93.fr\/blog\/?page_id=60"},"modified":"2024-11-27T18:02:45","modified_gmt":"2024-11-27T17:02:45","slug":"contact","status":"publish","type":"page","link":"https:\/\/livraison-de-nuit-93.fr\/blog\/contact\/","title":{"rendered":"Contact"},"content":{"rendered":"<p>Si vous avez des commentaires, des questions ou des suggestions concernant notre site et son contenu, n\u2019h\u00e9sitez pas \u00e0 nous contacter en envoyant un email \u00e0 l\u2019adresse\u00a0: <span style=\"text-decoration: underline;\"><strong>contact @jardingue.org<\/strong><\/span><\/p>\n<p>Nous vous remercions pour votre int\u00e9r\u00eat pour notre site et\u00a0nous vous r\u00e9pondrons d\u00e8s que possible.<\/p>\n<p>Nous sommes toujours heureux de recevoir vos retours et de vous aider dans la mesure du possible.<\/p>\n<p>Votre opinion est importante pour nous et nous permet de continuer \u00e0 am\u00e9liorer notre site pour mieux r\u00e9pondre \u00e0 vos attentes.<\/p>\n<form method=\"post\" name=\"contact\" action=\"https:\/\/livraison-de-nuit-93.fr\/blog\/wp-json\/wp\/v2\/pages\/60\"><p><label for=\"email\">Votre e-mail&nbsp;:<\/label><br><input type=\"email\" id=\"email\" name=\"email\" autocomplete=\"email\" value=\"\" required><\/p><p><label for=\"message\">Votre message&nbsp;:<\/label><br><textarea id=\"message\" name=\"texte\" cols=\"45\" rows=\"8\" required><\/textarea><\/p><p><input type=\"submit\" name=\"submit\" class=\"button\" value=\"Envoyer\"><\/p><\/form>\n","protected":false},"excerpt":{"rendered":"","protected":false},"author":34,"featured_media":0,"parent":0,"menu_order":0,"comment_status":"closed","ping_status":"closed","template":"","meta":{"_acf_changed":false,"manual_indexmenow":false,"indexmenow_id_project":0,"footnotes":""},"class_list":["post-60","page","type-page","status-publish"],"acf":[],"yoast_head":"<!-- This site is optimized with the Yoast SEO Premium plugin v21.3 (Yoast SEO v26.5) - https:\/\/yoast.com\/wordpress\/plugins\/seo\/ -->\n<title>Contact<\/title>\n<meta name=\"description\" content=\"Si vous avez des commentaires, des questions ou des suggestions concernant notre site et son contenu, n\u2019h\u00e9sitez pas \u00e0 nous contacter en envoyant un email\" \/>\n<meta name=\"robots\" content=\"index, follow, max-snippet:-1, max-image-preview:large, max-video-preview:-1\" \/>\n<link rel=\"canonical\" href=\"https:\/\/livraison-de-nuit-93.fr\/blog\/contact\/\" \/>\n<meta property=\"og:locale\" content=\"fr_FR\" \/>\n<meta property=\"og:type\" content=\"article\" \/>\n<meta property=\"og:title\" content=\"Contact\" \/>\n<meta property=\"og:description\" content=\"Si vous avez des commentaires, des questions ou des suggestions concernant notre site et son contenu, n\u2019h\u00e9sitez pas \u00e0 nous contacter en envoyant un email\" \/>\n<meta property=\"og:url\" content=\"https:\/\/livraison-de-nuit-93.fr\/blog\/contact\/\" \/>\n<meta property=\"og:site_name\" content=\"livraison-de-nuit-93\" \/>\n<meta name=\"twitter:card\" content=\"summary_large_image\" \/>\n<script type=\"application\/ld+json\" class=\"yoast-schema-graph\">{\"@context\":\"https:\/\/schema.org\",\"@graph\":[{\"@type\":\"WebPage\",\"@id\":\"https:\/\/livraison-de-nuit-93.fr\/blog\/contact\/\",\"url\":\"https:\/\/livraison-de-nuit-93.fr\/blog\/contact\/\",\"name\":\"Contact\",\"isPartOf\":{\"@id\":\"https:\/\/livraison-de-nuit-93.fr\/blog\/#website\"},\"datePublished\":\"2023-10-11T10:06:03+00:00\",\"dateModified\":\"2024-11-27T17:02:45+00:00\",\"description\":\"Si vous avez des commentaires, des questions ou des suggestions concernant notre site et son contenu, n\u2019h\u00e9sitez pas \u00e0 nous contacter en envoyant un email\",\"inLanguage\":\"fr-FR\",\"potentialAction\":[{\"@type\":\"ReadAction\",\"target\":[\"https:\/\/livraison-de-nuit-93.fr\/blog\/contact\/\"]}]},{\"@type\":\"WebSite\",\"@id\":\"https:\/\/livraison-de-nuit-93.fr\/blog\/#website\",\"url\":\"https:\/\/livraison-de-nuit-93.fr\/blog\/\",\"name\":\"livraison-de-nuit-93.fr\",\"description\":\"Livraison de Nuit 93, votre service nocturne de confiance\",\"publisher\":{\"@id\":\"https:\/\/livraison-de-nuit-93.fr\/blog\/#organization\"},\"alternateName\":\"Livraison de Nuit 93, votre service nocturne de confiance\",\"potentialAction\":[{\"@type\":\"SearchAction\",\"target\":{\"@type\":\"EntryPoint\",\"urlTemplate\":\"https:\/\/livraison-de-nuit-93.fr\/blog\/?s={search_term_string}\"},\"query-input\":{\"@type\":\"PropertyValueSpecification\",\"valueRequired\":true,\"valueName\":\"search_term_string\"}}],\"inLanguage\":\"fr-FR\"},{\"@type\":\"Organization\",\"@id\":\"https:\/\/livraison-de-nuit-93.fr\/blog\/#organization\",\"name\":\"Foretsensations.fr\",\"url\":\"https:\/\/livraison-de-nuit-93.fr\/blog\/\",\"logo\":{\"@type\":\"ImageObject\",\"inLanguage\":\"fr-FR\",\"@id\":\"https:\/\/livraison-de-nuit-93.fr\/blog\/#\/schema\/logo\/image\/\",\"url\":\"https:\/\/livraison-de-nuit-93.fr\/blog\/wp-content\/uploads\/2024\/12\/1.png\",\"contentUrl\":\"https:\/\/livraison-de-nuit-93.fr\/blog\/wp-content\/uploads\/2024\/12\/1.png\",\"width\":500,\"height\":500,\"caption\":\"Foretsensations.fr\"},\"image\":{\"@id\":\"https:\/\/livraison-de-nuit-93.fr\/blog\/#\/schema\/logo\/image\/\"}}]}<\/script>\n<!-- \/ Yoast SEO Premium plugin. -->","yoast_head_json":{"title":"Contact","description":"Si vous avez des commentaires, des questions ou des suggestions concernant notre site et son contenu, n\u2019h\u00e9sitez pas \u00e0 nous contacter en envoyant un email","robots":{"index":"index","follow":"follow","max-snippet":"max-snippet:-1","max-image-preview":"max-image-preview:large","max-video-preview":"max-video-preview:-1"},"canonical":"https:\/\/livraison-de-nuit-93.fr\/blog\/contact\/","og_locale":"fr_FR","og_type":"article","og_title":"Contact","og_description":"Si vous avez des commentaires, des questions ou des suggestions concernant notre site et son contenu, n\u2019h\u00e9sitez pas \u00e0 nous contacter en envoyant un email","og_url":"https:\/\/livraison-de-nuit-93.fr\/blog\/contact\/","og_site_name":"livraison-de-nuit-93","twitter_card":"summary_large_image","schema":{"@context":"https:\/\/schema.org","@graph":[{"@type":"WebPage","@id":"https:\/\/livraison-de-nuit-93.fr\/blog\/contact\/","url":"https:\/\/livraison-de-nuit-93.fr\/blog\/contact\/","name":"Contact","isPartOf":{"@id":"https:\/\/livraison-de-nuit-93.fr\/blog\/#website"},"datePublished":"2023-10-11T10:06:03+00:00","dateModified":"2024-11-27T17:02:45+00:00","description":"Si vous avez des commentaires, des questions ou des suggestions concernant notre site et son contenu, n\u2019h\u00e9sitez pas \u00e0 nous contacter en envoyant un email","inLanguage":"fr-FR","potentialAction":[{"@type":"ReadAction","target":["https:\/\/livraison-de-nuit-93.fr\/blog\/contact\/"]}]},{"@type":"WebSite","@id":"https:\/\/livraison-de-nuit-93.fr\/blog\/#website","url":"https:\/\/livraison-de-nuit-93.fr\/blog\/","name":"livraison-de-nuit-93.fr","description":"Livraison de Nuit 93, votre service nocturne de confiance","publisher":{"@id":"https:\/\/livraison-de-nuit-93.fr\/blog\/#organization"},"alternateName":"Livraison de Nuit 93, votre service nocturne de confiance","potentialAction":[{"@type":"SearchAction","target":{"@type":"EntryPoint","urlTemplate":"https:\/\/livraison-de-nuit-93.fr\/blog\/?s={search_term_string}"},"query-input":{"@type":"PropertyValueSpecification","valueRequired":true,"valueName":"search_term_string"}}],"inLanguage":"fr-FR"},{"@type":"Organization","@id":"https:\/\/livraison-de-nuit-93.fr\/blog\/#organization","name":"Foretsensations.fr","url":"https:\/\/livraison-de-nuit-93.fr\/blog\/","logo":{"@type":"ImageObject","inLanguage":"fr-FR","@id":"https:\/\/livraison-de-nuit-93.fr\/blog\/#\/schema\/logo\/image\/","url":"https:\/\/livraison-de-nuit-93.fr\/blog\/wp-content\/uploads\/2024\/12\/1.png","contentUrl":"https:\/\/livraison-de-nuit-93.fr\/blog\/wp-content\/uploads\/2024\/12\/1.png","width":500,"height":500,"caption":"Foretsensations.fr"},"image":{"@id":"https:\/\/livraison-de-nuit-93.fr\/blog\/#\/schema\/logo\/image\/"}}]}},"_links":{"self":[{"href":"https:\/\/livraison-de-nuit-93.fr\/blog\/wp-json\/wp\/v2\/pages\/60","targetHints":{"allow":["GET"]}}],"collection":[{"href":"https:\/\/livraison-de-nuit-93.fr\/blog\/wp-json\/wp\/v2\/pages"}],"about":[{"href":"https:\/\/livraison-de-nuit-93.fr\/blog\/wp-json\/wp\/v2\/types\/page"}],"author":[{"embeddable":true,"href":"https:\/\/livraison-de-nuit-93.fr\/blog\/wp-json\/wp\/v2\/users\/34"}],"replies":[{"embeddable":true,"href":"https:\/\/livraison-de-nuit-93.fr\/blog\/wp-json\/wp\/v2\/comments?post=60"}],"version-history":[{"count":7,"href":"https:\/\/livraison-de-nuit-93.fr\/blog\/wp-json\/wp\/v2\/pages\/60\/revisions"}],"predecessor-version":[{"id":7057,"href":"https:\/\/livraison-de-nuit-93.fr\/blog\/wp-json\/wp\/v2\/pages\/60\/revisions\/7057"}],"wp:attachment":[{"href":"https:\/\/livraison-de-nuit-93.fr\/blog\/wp-json\/wp\/v2\/media?parent=60"}],"curies":[{"name":"wp","href":"https:\/\/api.w.org\/{rel}","templated":true}]}}