{"id":263,"date":"2023-12-12T14:24:06","date_gmt":"2023-12-12T13:24:06","guid":{"rendered":"https:\/\/livraison-de-nuit-93.fr\/blog\/?page_id=263"},"modified":"2024-11-27T18:05:54","modified_gmt":"2024-11-27T17:05:54","slug":"pdc","status":"publish","type":"page","link":"https:\/\/livraison-de-nuit-93.fr\/blog\/pdc\/","title":{"rendered":"Politique de confidentialit\u00e9"},"content":{"rendered":"<p><strong>Pourquoi vos donn\u00e9es personnelles sont collect\u00e9es et trait\u00e9es par <span style=\"text-decoration: underline;\">Jardingue<\/span> ? (<a href=\"https:\/\/livraison-de-nuit-93.fr\/blog\/mentions-legales\/\">Nos mentions l\u00e9gales<\/a>)<br \/>\n<\/strong><\/p>\n<p><span style=\"text-decoration: underline;\"><strong>Jardingue<\/strong><\/span> est amen\u00e9 \u00e0 collecter et traiter des donn\u00e9es, et notamment des donn\u00e9es \u00e0 caract\u00e8re personnel, concernant ses utilisateurs, ses prestataires, leurs employ\u00e9s et les personnes prenant contact avec elle. Toute collecte de donn\u00e9es r\u00e9pond \u00e0 une finalit\u00e9 pr\u00e9cise qui est clairement indiqu\u00e9e \u00e0 la personne concern\u00e9e sur les formulaires ainsi que le cadre l\u00e9gal ou contractuel qui s\u2019y rattache le cas \u00e9ch\u00e9ant.<\/p>\n<p><span style=\"text-decoration: underline;\"><strong>Jardingue<\/strong><\/span> traite vos donn\u00e9es \u00e0 des fins d\u2019envoi de newsletters th\u00e9matiques (sant\u00e9, bien-\u00eatre, actualit\u00e9s m\u00e9dicales, etc.), de prospection commerciale et de campagnes publicitaires cibl\u00e9es par voie \u00e9lectronique (mail, sms, mms). Par notre interm\u00e9diaire, vous pouvez b\u00e9n\u00e9ficier des offres de nos partenaires et sous-traitants.<\/p>\n<p><strong>Quelles sont les finalit\u00e9s du traitement des donn\u00e9es par <span style=\"text-decoration: underline;\">Jardingue<\/span> ?<\/strong> Jardingue collecte et utilise uniquement les donn\u00e9es personnelles qui nous sont n\u00e9cessaires dans le cadre de notre activit\u00e9 pour vous proposer une offre personnalis\u00e9e et de qualit\u00e9.<\/p>\n<p>Nous collectons directement aupr\u00e8s de vous :<\/p>\n<ul>\n<li>Des informations d\u2019identification et de contact (sexe, nom, pr\u00e9nom, date de naissance, code postal, adresse \u00e9lectronique, num\u00e9ro de t\u00e9l\u00e9phone de mani\u00e8re facultative) si vous vous inscrivez directement aupr\u00e8s de notre soci\u00e9t\u00e9 pour recevoir nos communications en remplissant notre formulaire de contact.<\/li>\n<li>Nous collectons \u00e9galement de mani\u00e8re indirecte des informations d\u2019identification et de contact vous concernant lorsque vous participez \u00e0 des op\u00e9rations d\u2019animation commerciale organis\u00e9es par un de nos partenaires et que vous avez consenti \u00e0 ce que vos donn\u00e9es soient transmises aux sponsors de ladite op\u00e9ration.<\/li>\n<\/ul>\n<p>Nous collectons en outre directement aupr\u00e8s de vous les cat\u00e9gories de donn\u00e9es personnelles suivantes :<\/p>\n<ul>\n<li>Donn\u00e9es de navigation et de connexion (adresse IP, donn\u00e9es de connexion et donn\u00e9es de navigation) gr\u00e2ce \u00e0 l\u2019utilisation d\u2019outils tels que cookies, tag, balises. \u00c0 l\u2019ouverture de nos newsletters et communications, des cookies sont d\u00e9pos\u00e9s sur votre ordinateur, votre mobile ou votre tablette. Il s\u2019agit de cookies <span style=\"text-decoration: underline;\"><strong>Jardingue<\/strong><\/span> et de cookies tiers qui permettent de vous proposer, gr\u00e2ce \u00e0 une segmentation marketing (ou profilage marketing sans effet juridique pour les personnes concern\u00e9es), des publicit\u00e9s cibl\u00e9es adapt\u00e9es \u00e0 vos centres d\u2019int\u00e9r\u00eats et de r\u00e9aliser des statistiques.<\/li>\n<li>Donn\u00e9es d\u2019interaction entre vous et notre soci\u00e9t\u00e9 telles que l\u2019ouverture ou lien des newsletters que nous adressons, clics sur les liens dans les newsletters que nous adressons. Ces informations nous permettent d\u2019adapter les \u00e9changes que nous entretenons avec vous.<\/li>\n<\/ul>\n<p><span style=\"text-decoration: underline;\"><strong>Jardingue<\/strong><\/span> s\u2019assure que seules les donn\u00e9es n\u00e9cessaires \u00e0 la r\u00e9alisation de nos services ne soient collect\u00e9es aupr\u00e8s des personnes concern\u00e9es lors de la souscription, de l\u2019abonnement et l\u2019ouverture de nos newsletters et communications ainsi que lors d\u2019op\u00e9rations d\u2019animation commerciale que nous pouvons r\u00e9aliser.<\/p>\n<p><strong>Quels sont vos droits et comment les exercer ?<\/strong> Conform\u00e9ment \u00e0 la r\u00e9glementation applicable, vous disposez de diff\u00e9rents droits informatiques et libert\u00e9s, \u00e0 savoir :<\/p>\n<ul>\n<li>Droit d\u2019acc\u00e8s : vous pouvez obtenir des informations concernant le traitement de vos donn\u00e9es personnelles ainsi qu\u2019une copie de ces donn\u00e9es personnelles.<\/li>\n<li>Droit de rectification : si vous estimez que vos donn\u00e9es personnelles sont inexactes ou incompl\u00e8tes, vous pouvez exiger que ces donn\u00e9es personnelles soient modifi\u00e9es en cons\u00e9quence.<\/li>\n<li>Droit \u00e0 l\u2019effacement : vous pouvez exiger l\u2019effacement de vos donn\u00e9es personnelles dans la limite de ce qui est permis par la r\u00e9glementation.<\/li>\n<li>Droit \u00e0 la limitation du traitement : vous pouvez demander la limitation de traitement de vos donn\u00e9es personnelles.<\/li>\n<li>Droit d\u2019opposition : vous pouvez vous opposer au traitement de vos donn\u00e9es personnelles, pour des motifs li\u00e9s \u00e0 votre situation particuli\u00e8re. Vous disposez du droit absolu de vous opposer au traitement de vos donn\u00e9es personnelles \u00e0 des fins de prospection commerciale, y compris le profilage li\u00e9 \u00e0 cette prospection.<\/li>\n<li>Droit \u00e0 la portabilit\u00e9 de vos donn\u00e9es : quand ce droit est applicable, vous avez le droit que les donn\u00e9es personnelles que vous nous avez fournies vous soient rendues ou, lorsque cela est possible, techniquement, de les transf\u00e9rer \u00e0 un tiers.<\/li>\n<li>Droit de d\u00e9finir des directives relatives \u00e0 la conservation, l\u2019effacement ou la communication de vos donn\u00e9es personnelles, applicables apr\u00e8s votre d\u00e9c\u00e8s.<\/li>\n<li>Droit de retirer votre consentement : si vous avez donn\u00e9 votre consentement au traitement de vos donn\u00e9es personnelles, vous avez le droit de retirer votre consentement \u00e0 tout moment.<\/li>\n<\/ul>\n<p>Vous pouvez exercer ces droits en \u00e9crivant par lettre simple \u00e0 l\u2019adresse suivante contact@jardingue.org<\/p>\n<p>Pour exercer votre droit d\u2019opposition et vous d\u00e9sabonner de nos communications, vous pouvez \u00e9galement utiliser les liens de d\u00e9sabonnement pr\u00e9sents sur chacune de nos communications qui vous permettent de vous d\u00e9sabonner d\u2019une communication en particulier ou de vous d\u00e9sabonner de l\u2019ensemble de nos communications.<\/p>\n<p><span style=\"text-decoration: underline;\"><strong>Jardingue<\/strong><\/span>\u00a0disposera d\u2019un d\u00e9lai maximum de 1 (un) mois pour r\u00e9pondre suivant r\u00e9ception de votre demande. Ce d\u00e9lai pourra \u00eatre prorog\u00e9 de deux mois, compte tenu de la complexit\u00e9 et du nombre de demandes qui pourraient nous \u00eatre adress\u00e9es. Dans ce cas, nous vous informerons de cette prorogation et des motifs la justifiant.<\/p>\n<p>Vous disposez \u00e9galement d\u2019un droit de r\u00e9clamation aupr\u00e8s d\u2019une autorit\u00e9 de contr\u00f4le (en France, l\u2019autorit\u00e9 de contr\u00f4le est la CNIL \u2013 3 place de Fontenoy \u2013 TSA 80715 \u2013 75334 PARIS CEDEX 07 \u2013 <a href=\"http:\/\/www.cnil.fr\/\" target=\"_new\" rel=\"noopener\">www.cnil.fr<\/a>).<\/p>\n","protected":false},"excerpt":{"rendered":"","protected":false},"author":34,"featured_media":0,"parent":0,"menu_order":0,"comment_status":"closed","ping_status":"closed","template":"","meta":{"_acf_changed":false,"manual_indexmenow":false,"indexmenow_id_project":0,"footnotes":""},"class_list":["post-263","page","type-page","status-publish"],"acf":[],"yoast_head":"<!-- This site is optimized with the Yoast SEO Premium plugin v21.3 (Yoast SEO v26.5) - https:\/\/yoast.com\/wordpress\/plugins\/seo\/ -->\n<title>Politique de confidentialit\u00e9<\/title>\n<meta name=\"description\" content=\"Pourquoi vos donn\u00e9es personnelles sont collect\u00e9es et trait\u00e9es par Jardingue ? (Nos mentions l\u00e9gales) Jardingue est amen\u00e9 \u00e0 collecter et traiter des\" \/>\n<meta name=\"robots\" content=\"index, follow, max-snippet:-1, max-image-preview:large, max-video-preview:-1\" \/>\n<link rel=\"canonical\" href=\"https:\/\/livraison-de-nuit-93.fr\/blog\/pdc\/\" \/>\n<meta property=\"og:locale\" content=\"fr_FR\" \/>\n<meta property=\"og:type\" content=\"article\" \/>\n<meta property=\"og:title\" content=\"Politique de confidentialit\u00e9\" \/>\n<meta property=\"og:description\" content=\"Pourquoi vos donn\u00e9es personnelles sont collect\u00e9es et trait\u00e9es par Jardingue ? (Nos mentions l\u00e9gales) Jardingue est amen\u00e9 \u00e0 collecter et traiter des\" \/>\n<meta property=\"og:url\" content=\"https:\/\/livraison-de-nuit-93.fr\/blog\/pdc\/\" \/>\n<meta property=\"og:site_name\" content=\"livraison-de-nuit-93\" \/>\n<meta name=\"twitter:card\" content=\"summary_large_image\" \/>\n<script type=\"application\/ld+json\" class=\"yoast-schema-graph\">{\"@context\":\"https:\/\/schema.org\",\"@graph\":[{\"@type\":\"WebPage\",\"@id\":\"https:\/\/livraison-de-nuit-93.fr\/blog\/pdc\/\",\"url\":\"https:\/\/livraison-de-nuit-93.fr\/blog\/pdc\/\",\"name\":\"Politique de confidentialit\u00e9\",\"isPartOf\":{\"@id\":\"https:\/\/livraison-de-nuit-93.fr\/blog\/#website\"},\"datePublished\":\"2023-12-12T13:24:06+00:00\",\"dateModified\":\"2024-11-27T17:05:54+00:00\",\"description\":\"Pourquoi vos donn\u00e9es personnelles sont collect\u00e9es et trait\u00e9es par Jardingue ? (Nos mentions l\u00e9gales) Jardingue est amen\u00e9 \u00e0 collecter et traiter des\",\"inLanguage\":\"fr-FR\",\"potentialAction\":[{\"@type\":\"ReadAction\",\"target\":[\"https:\/\/livraison-de-nuit-93.fr\/blog\/pdc\/\"]}]},{\"@type\":\"WebSite\",\"@id\":\"https:\/\/livraison-de-nuit-93.fr\/blog\/#website\",\"url\":\"https:\/\/livraison-de-nuit-93.fr\/blog\/\",\"name\":\"livraison-de-nuit-93.fr\",\"description\":\"Livraison de Nuit 93, votre service nocturne de confiance\",\"publisher\":{\"@id\":\"https:\/\/livraison-de-nuit-93.fr\/blog\/#organization\"},\"alternateName\":\"Livraison de Nuit 93, votre service nocturne de confiance\",\"potentialAction\":[{\"@type\":\"SearchAction\",\"target\":{\"@type\":\"EntryPoint\",\"urlTemplate\":\"https:\/\/livraison-de-nuit-93.fr\/blog\/?s={search_term_string}\"},\"query-input\":{\"@type\":\"PropertyValueSpecification\",\"valueRequired\":true,\"valueName\":\"search_term_string\"}}],\"inLanguage\":\"fr-FR\"},{\"@type\":\"Organization\",\"@id\":\"https:\/\/livraison-de-nuit-93.fr\/blog\/#organization\",\"name\":\"Foretsensations.fr\",\"url\":\"https:\/\/livraison-de-nuit-93.fr\/blog\/\",\"logo\":{\"@type\":\"ImageObject\",\"inLanguage\":\"fr-FR\",\"@id\":\"https:\/\/livraison-de-nuit-93.fr\/blog\/#\/schema\/logo\/image\/\",\"url\":\"https:\/\/livraison-de-nuit-93.fr\/blog\/wp-content\/uploads\/2024\/12\/1.png\",\"contentUrl\":\"https:\/\/livraison-de-nuit-93.fr\/blog\/wp-content\/uploads\/2024\/12\/1.png\",\"width\":500,\"height\":500,\"caption\":\"Foretsensations.fr\"},\"image\":{\"@id\":\"https:\/\/livraison-de-nuit-93.fr\/blog\/#\/schema\/logo\/image\/\"}}]}<\/script>\n<!-- \/ Yoast SEO Premium plugin. -->","yoast_head_json":{"title":"Politique de confidentialit\u00e9","description":"Pourquoi vos donn\u00e9es personnelles sont collect\u00e9es et trait\u00e9es par Jardingue ? (Nos mentions l\u00e9gales) Jardingue est amen\u00e9 \u00e0 collecter et traiter des","robots":{"index":"index","follow":"follow","max-snippet":"max-snippet:-1","max-image-preview":"max-image-preview:large","max-video-preview":"max-video-preview:-1"},"canonical":"https:\/\/livraison-de-nuit-93.fr\/blog\/pdc\/","og_locale":"fr_FR","og_type":"article","og_title":"Politique de confidentialit\u00e9","og_description":"Pourquoi vos donn\u00e9es personnelles sont collect\u00e9es et trait\u00e9es par Jardingue ? (Nos mentions l\u00e9gales) Jardingue est amen\u00e9 \u00e0 collecter et traiter des","og_url":"https:\/\/livraison-de-nuit-93.fr\/blog\/pdc\/","og_site_name":"livraison-de-nuit-93","twitter_card":"summary_large_image","schema":{"@context":"https:\/\/schema.org","@graph":[{"@type":"WebPage","@id":"https:\/\/livraison-de-nuit-93.fr\/blog\/pdc\/","url":"https:\/\/livraison-de-nuit-93.fr\/blog\/pdc\/","name":"Politique de confidentialit\u00e9","isPartOf":{"@id":"https:\/\/livraison-de-nuit-93.fr\/blog\/#website"},"datePublished":"2023-12-12T13:24:06+00:00","dateModified":"2024-11-27T17:05:54+00:00","description":"Pourquoi vos donn\u00e9es personnelles sont collect\u00e9es et trait\u00e9es par Jardingue ? (Nos mentions l\u00e9gales) Jardingue est amen\u00e9 \u00e0 collecter et traiter des","inLanguage":"fr-FR","potentialAction":[{"@type":"ReadAction","target":["https:\/\/livraison-de-nuit-93.fr\/blog\/pdc\/"]}]},{"@type":"WebSite","@id":"https:\/\/livraison-de-nuit-93.fr\/blog\/#website","url":"https:\/\/livraison-de-nuit-93.fr\/blog\/","name":"livraison-de-nuit-93.fr","description":"Livraison de Nuit 93, votre service nocturne de confiance","publisher":{"@id":"https:\/\/livraison-de-nuit-93.fr\/blog\/#organization"},"alternateName":"Livraison de Nuit 93, votre service nocturne de confiance","potentialAction":[{"@type":"SearchAction","target":{"@type":"EntryPoint","urlTemplate":"https:\/\/livraison-de-nuit-93.fr\/blog\/?s={search_term_string}"},"query-input":{"@type":"PropertyValueSpecification","valueRequired":true,"valueName":"search_term_string"}}],"inLanguage":"fr-FR"},{"@type":"Organization","@id":"https:\/\/livraison-de-nuit-93.fr\/blog\/#organization","name":"Foretsensations.fr","url":"https:\/\/livraison-de-nuit-93.fr\/blog\/","logo":{"@type":"ImageObject","inLanguage":"fr-FR","@id":"https:\/\/livraison-de-nuit-93.fr\/blog\/#\/schema\/logo\/image\/","url":"https:\/\/livraison-de-nuit-93.fr\/blog\/wp-content\/uploads\/2024\/12\/1.png","contentUrl":"https:\/\/livraison-de-nuit-93.fr\/blog\/wp-content\/uploads\/2024\/12\/1.png","width":500,"height":500,"caption":"Foretsensations.fr"},"image":{"@id":"https:\/\/livraison-de-nuit-93.fr\/blog\/#\/schema\/logo\/image\/"}}]}},"_links":{"self":[{"href":"https:\/\/livraison-de-nuit-93.fr\/blog\/wp-json\/wp\/v2\/pages\/263","targetHints":{"allow":["GET"]}}],"collection":[{"href":"https:\/\/livraison-de-nuit-93.fr\/blog\/wp-json\/wp\/v2\/pages"}],"about":[{"href":"https:\/\/livraison-de-nuit-93.fr\/blog\/wp-json\/wp\/v2\/types\/page"}],"author":[{"embeddable":true,"href":"https:\/\/livraison-de-nuit-93.fr\/blog\/wp-json\/wp\/v2\/users\/34"}],"replies":[{"embeddable":true,"href":"https:\/\/livraison-de-nuit-93.fr\/blog\/wp-json\/wp\/v2\/comments?post=263"}],"version-history":[{"count":9,"href":"https:\/\/livraison-de-nuit-93.fr\/blog\/wp-json\/wp\/v2\/pages\/263\/revisions"}],"predecessor-version":[{"id":7061,"href":"https:\/\/livraison-de-nuit-93.fr\/blog\/wp-json\/wp\/v2\/pages\/263\/revisions\/7061"}],"wp:attachment":[{"href":"https:\/\/livraison-de-nuit-93.fr\/blog\/wp-json\/wp\/v2\/media?parent=263"}],"curies":[{"name":"wp","href":"https:\/\/api.w.org\/{rel}","templated":true}]}}